{"id":1033,"date":"2024-09-17T09:24:51","date_gmt":"2024-09-17T12:24:51","guid":{"rendered":"https:\/\/visoarte.com.br\/?page_id=1033"},"modified":"2025-07-31T17:12:06","modified_gmt":"2025-07-31T20:12:06","slug":"disponiveis","status":"publish","type":"page","link":"https:\/\/visoarte.com.br\/index.php\/disponiveis\/","title":{"rendered":"Disponiveis"},"content":{"rendered":"\t\t<div data-elementor-type=\"wp-page\" data-elementor-id=\"1033\" class=\"elementor elementor-1033\">\n\t\t\t\t\t\t<section class=\"elementor-section elementor-top-section elementor-element elementor-element-82931ed elementor-section-boxed elementor-section-height-default elementor-section-height-default\" data-id=\"82931ed\" data-element_type=\"section\">\n\t\t\t\t\t\t<div class=\"elementor-container elementor-column-gap-default\">\n\t\t\t\t\t<div class=\"elementor-column elementor-col-50 elementor-top-column elementor-element elementor-element-e3ff655\" data-id=\"e3ff655\" data-element_type=\"column\">\n\t\t\t<div class=\"elementor-widget-wrap elementor-element-populated\">\n\t\t\t\t\t\t<div class=\"elementor-element elementor-element-3a15529 elementor-align-left elementor-widget__width-auto elementor-widget elementor-widget-button\" data-id=\"3a15529\" data-element_type=\"widget\" data-widget_type=\"button.default\">\n\t\t\t\t<div class=\"elementor-widget-container\">\n\t\t\t\t\t<div class=\"elementor-button-wrapper\">\n\t\t\t<a class=\"elementor-button elementor-button-link elementor-size-sm\" href=\"https:\/\/visoarte.com.br\/\">\n\t\t\t\t\t\t<span class=\"elementor-button-content-wrapper\">\n\t\t\t\t\t\t\t\t\t<span class=\"elementor-button-text\">Inicio<\/span>\n\t\t\t\t\t<\/span>\n\t\t\t\t\t<\/a>\n\t\t<\/div>\n\t\t\t\t<\/div>\n\t\t\t\t<\/div>\n\t\t\t\t\t<\/div>\n\t\t<\/div>\n\t\t\t\t<div class=\"elementor-column elementor-col-50 elementor-top-column elementor-element elementor-element-7692f15\" data-id=\"7692f15\" data-element_type=\"column\">\n\t\t\t<div class=\"elementor-widget-wrap elementor-element-populated\">\n\t\t\t\t\t\t<div class=\"elementor-element elementor-element-df90928 elementor-widget elementor-widget-heading\" data-id=\"df90928\" data-element_type=\"widget\" data-widget_type=\"heading.default\">\n\t\t\t\t<div class=\"elementor-widget-container\">\n\t\t\t<h2 class=\"elementor-heading-title elementor-size-default\">Nos chame pelo<br> WhatsApp<\/h2>\t\t<\/div>\n\t\t\t\t<\/div>\n\t\t\t\t<div class=\"elementor-element elementor-element-4904dbf elementor-shape-rounded elementor-grid-0 e-grid-align-center elementor-widget elementor-widget-social-icons\" data-id=\"4904dbf\" data-element_type=\"widget\" data-widget_type=\"social-icons.default\">\n\t\t\t\t<div class=\"elementor-widget-container\">\n\t\t\t\t\t<div class=\"elementor-social-icons-wrapper elementor-grid\">\n\t\t\t\t\t\t\t<span class=\"elementor-grid-item\">\n\t\t\t\t\t<a class=\"elementor-icon elementor-social-icon elementor-social-icon-whatsapp elementor-animation-bounce-in elementor-repeater-item-d7c5b80\" href=\"https:\/\/api.whatsapp.com\/send?phone=554836280268&#038;text=ola%20vim%20pelo%20site\" target=\"_blank\">\n\t\t\t\t\t\t<span class=\"elementor-screen-only\">Whatsapp<\/span>\n\t\t\t\t\t\t<i class=\"fab fa-whatsapp\"><\/i>\t\t\t\t\t<\/a>\n\t\t\t\t<\/span>\n\t\t\t\t\t<\/div>\n\t\t\t\t<\/div>\n\t\t\t\t<\/div>\n\t\t\t\t\t<\/div>\n\t\t<\/div>\n\t\t\t\t\t<\/div>\n\t\t<\/section>\n\t\t\t\t<section class=\"elementor-section elementor-top-section elementor-element elementor-element-f5a9f83 elementor-section-boxed elementor-section-height-default elementor-section-height-default\" data-id=\"f5a9f83\" data-element_type=\"section\">\n\t\t\t\t\t\t<div class=\"elementor-container elementor-column-gap-default\">\n\t\t\t\t\t<div class=\"elementor-column elementor-col-100 elementor-top-column elementor-element elementor-element-a3dd3e4\" data-id=\"a3dd3e4\" data-element_type=\"column\">\n\t\t\t<div class=\"elementor-widget-wrap elementor-element-populated\">\n\t\t\t\t\t\t<div class=\"elementor-element elementor-element-64bc90b elementor-widget elementor-widget-heading\" data-id=\"64bc90b\" data-element_type=\"widget\" data-widget_type=\"heading.default\">\n\t\t\t\t<div class=\"elementor-widget-container\">\n\t\t\t<h2 class=\"elementor-heading-title elementor-size-default\">Pontos dispon\u00edveis<\/h2>\t\t<\/div>\n\t\t\t\t<\/div>\n\t\t\t\t\t<\/div>\n\t\t<\/div>\n\t\t\t\t\t<\/div>\n\t\t<\/section>\n\t\t\t\t<section class=\"elementor-section elementor-top-section elementor-element elementor-element-b76c3b4 elementor-section-full_width elementor-section-height-default elementor-section-height-default\" data-id=\"b76c3b4\" data-element_type=\"section\" data-settings=\"{&quot;background_background&quot;:&quot;classic&quot;}\">\n\t\t\t\t\t\t<div class=\"elementor-container elementor-column-gap-default\">\n\t\t\t\t\t<div class=\"elementor-column elementor-col-100 elementor-top-column elementor-element elementor-element-030cddd\" data-id=\"030cddd\" data-element_type=\"column\" data-settings=\"{&quot;background_background&quot;:&quot;classic&quot;}\">\n\t\t\t<div class=\"elementor-widget-wrap elementor-element-populated\">\n\t\t\t\t\t\t<div class=\"elementor-element elementor-element-b15c4a1 elementor-widget elementor-widget-heading\" data-id=\"b15c4a1\" data-element_type=\"widget\" data-widget_type=\"heading.default\">\n\t\t\t\t<div class=\"elementor-widget-container\">\n\t\t\t<h2 class=\"elementor-heading-title elementor-size-default\">PONTOS EM DESTAQUE<\/h2>\t\t<\/div>\n\t\t\t\t<\/div>\n\t\t\t\t\t<\/div>\n\t\t<\/div>\n\t\t\t\t\t<\/div>\n\t\t<\/section>\n\t\t\t\t<section class=\"elementor-section elementor-top-section elementor-element elementor-element-db93404 elementor-section-full_width elementor-section-height-default elementor-section-height-default\" data-id=\"db93404\" data-element_type=\"section\" data-settings=\"{&quot;background_background&quot;:&quot;classic&quot;}\">\n\t\t\t\t\t\t\t<div class=\"elementor-background-overlay\"><\/div>\n\t\t\t\t\t\t\t<div class=\"elementor-container elementor-column-gap-default\">\n\t\t\t\t\t<div class=\"elementor-column elementor-col-50 elementor-top-column elementor-element elementor-element-8f6ad1b\" data-id=\"8f6ad1b\" data-element_type=\"column\" data-settings=\"{&quot;background_background&quot;:&quot;classic&quot;}\">\n\t\t\t<div class=\"elementor-widget-wrap elementor-element-populated\">\n\t\t\t\t\t\t<div class=\"elementor-element elementor-element-c9bd714 elementor-widget elementor-widget-image\" data-id=\"c9bd714\" data-element_type=\"widget\" data-widget_type=\"image.default\">\n\t\t\t\t<div class=\"elementor-widget-container\">\n\t\t\t\t\t\t\t\t\t\t\t\t\t<img fetchpriority=\"high\" decoding=\"async\" width=\"525\" height=\"394\" src=\"https:\/\/visoarte.com.br\/wp-content\/uploads\/2024\/09\/BR-101-sentiso-sul-apos-a-ponte-Antita-Garibaldi-sentido-Tubarao-1024x768.jpg\" class=\"attachment-large size-large wp-image-1049\" alt=\"\" srcset=\"https:\/\/visoarte.com.br\/wp-content\/uploads\/2024\/09\/BR-101-sentiso-sul-apos-a-ponte-Antita-Garibaldi-sentido-Tubarao-1024x768.jpg 1024w, https:\/\/visoarte.com.br\/wp-content\/uploads\/2024\/09\/BR-101-sentiso-sul-apos-a-ponte-Antita-Garibaldi-sentido-Tubarao-300x225.jpg 300w, https:\/\/visoarte.com.br\/wp-content\/uploads\/2024\/09\/BR-101-sentiso-sul-apos-a-ponte-Antita-Garibaldi-sentido-Tubarao-768x576.jpg 768w, https:\/\/visoarte.com.br\/wp-content\/uploads\/2024\/09\/BR-101-sentiso-sul-apos-a-ponte-Antita-Garibaldi-sentido-Tubarao-1536x1152.jpg 1536w, https:\/\/visoarte.com.br\/wp-content\/uploads\/2024\/09\/BR-101-sentiso-sul-apos-a-ponte-Antita-Garibaldi-sentido-Tubarao-2048x1536.jpg 2048w\" sizes=\"100vw\" \/>\t\t\t\t\t\t\t\t\t\t\t\t\t<\/div>\n\t\t\t\t<\/div>\n\t\t\t\t<div class=\"elementor-element elementor-element-547b571 elementor-widget elementor-widget-heading\" data-id=\"547b571\" data-element_type=\"widget\" data-widget_type=\"heading.default\">\n\t\t\t\t<div class=\"elementor-widget-container\">\n\t\t\t<h2 class=\"elementor-heading-title elementor-size-default\">Localiza\u00e7\u00e3o do ponto: <\/h2>\t\t<\/div>\n\t\t\t\t<\/div>\n\t\t\t\t<div class=\"elementor-element elementor-element-d40d8c4 elementor-align-center elementor-widget elementor-widget-button\" data-id=\"d40d8c4\" data-element_type=\"widget\" data-widget_type=\"button.default\">\n\t\t\t\t<div class=\"elementor-widget-container\">\n\t\t\t\t\t<div class=\"elementor-button-wrapper\">\n\t\t\t<a class=\"elementor-button elementor-button-link elementor-size-sm\" href=\"https:\/\/www.google.com.br\/maps\/@-28.4250993,-48.8567959,3a,75y,292.23h,82.77t\/data=!3m8!1e1!3m6!1swAEyoNLm88J2v939VmKYeg!2e0!5s20220201T000000!6shttps:%2F%2Fstreetviewpixels-pa.googleapis.com%2Fv1%2Fthumbnail%3Fcb_client%3Dmaps_sv.tactile%26w%3D900%26h%3D600%26pitch%3D7.230000000000004%26panoid%3DwAEyoNLm88J2v939VmKYeg%26yaw%3D292.23!7i16384!8i8192?coh=205410&#038;entry=ttu&#038;g_ep=EgoyMDI0MTAwNy4xIKXMDSoASAFQAw%3D%3D\">\n\t\t\t\t\t\t<span class=\"elementor-button-content-wrapper\">\n\t\t\t\t\t\t\t\t\t<span class=\"elementor-button-text\">Clique aqui<\/span>\n\t\t\t\t\t<\/span>\n\t\t\t\t\t<\/a>\n\t\t<\/div>\n\t\t\t\t<\/div>\n\t\t\t\t<\/div>\n\t\t\t\t\t<\/div>\n\t\t<\/div>\n\t\t\t\t<div class=\"elementor-column elementor-col-50 elementor-top-column elementor-element elementor-element-9c6c1df\" data-id=\"9c6c1df\" data-element_type=\"column\">\n\t\t\t<div class=\"elementor-widget-wrap elementor-element-populated\">\n\t\t\t\t\t\t<div class=\"elementor-element elementor-element-24c7edc elementor-widget elementor-widget-image\" data-id=\"24c7edc\" data-element_type=\"widget\" data-widget_type=\"image.default\">\n\t\t\t\t<div class=\"elementor-widget-container\">\n\t\t\t\t\t\t\t\t\t\t\t\t\t<img decoding=\"async\" width=\"525\" height=\"394\" src=\"https:\/\/visoarte.com.br\/wp-content\/uploads\/2024\/09\/26-Tubarao-BR-101-sentido-norte-ao-lado-da-Delupo-1024x768.jpg\" class=\"attachment-large size-large wp-image-1047\" alt=\"\" srcset=\"https:\/\/visoarte.com.br\/wp-content\/uploads\/2024\/09\/26-Tubarao-BR-101-sentido-norte-ao-lado-da-Delupo-1024x768.jpg 1024w, https:\/\/visoarte.com.br\/wp-content\/uploads\/2024\/09\/26-Tubarao-BR-101-sentido-norte-ao-lado-da-Delupo-300x225.jpg 300w, https:\/\/visoarte.com.br\/wp-content\/uploads\/2024\/09\/26-Tubarao-BR-101-sentido-norte-ao-lado-da-Delupo-768x576.jpg 768w, https:\/\/visoarte.com.br\/wp-content\/uploads\/2024\/09\/26-Tubarao-BR-101-sentido-norte-ao-lado-da-Delupo-1536x1152.jpg 1536w, https:\/\/visoarte.com.br\/wp-content\/uploads\/2024\/09\/26-Tubarao-BR-101-sentido-norte-ao-lado-da-Delupo-2048x1536.jpg 2048w\" sizes=\"100vw\" \/>\t\t\t\t\t\t\t\t\t\t\t\t\t<\/div>\n\t\t\t\t<\/div>\n\t\t\t\t<div class=\"elementor-element elementor-element-f0f94d9 elementor-widget elementor-widget-heading\" data-id=\"f0f94d9\" data-element_type=\"widget\" data-widget_type=\"heading.default\">\n\t\t\t\t<div class=\"elementor-widget-container\">\n\t\t\t<h2 class=\"elementor-heading-title elementor-size-default\">Localiza\u00e7\u00e3o do ponto: <\/h2>\t\t<\/div>\n\t\t\t\t<\/div>\n\t\t\t\t<div class=\"elementor-element elementor-element-c8105e6 elementor-align-center elementor-widget elementor-widget-button\" data-id=\"c8105e6\" data-element_type=\"widget\" data-widget_type=\"button.default\">\n\t\t\t\t<div class=\"elementor-widget-container\">\n\t\t\t\t\t<div class=\"elementor-button-wrapper\">\n\t\t\t<a class=\"elementor-button elementor-button-link elementor-size-sm\" href=\"https:\/\/www.google.com\/maps\/@-28.4723757,-49.0228598,3a,39.3y,98.59h,83.89t\/data=!3m7!1e1!3m5!1stnqVPYh5xuxy4plk1ZmIyQ!2e0!6shttps:%2F%2Fstreetviewpixels-pa.googleapis.com%2Fv1%2Fthumbnail%3Fcb_client%3Dmaps_sv.tactile%26w%3D900%26h%3D600%26pitch%3D6.10961733721885%26panoid%3DtnqVPYh5xuxy4plk1ZmIyQ%26yaw%3D98.59079302323715!7i16384!8i8192?entry=ttu&#038;g_ep=EgoyMDI1MDcyNy4wIKXMDSoASAFQAw%3D%3D\">\n\t\t\t\t\t\t<span class=\"elementor-button-content-wrapper\">\n\t\t\t\t\t\t\t\t\t<span class=\"elementor-button-text\">Clique aqui<\/span>\n\t\t\t\t\t<\/span>\n\t\t\t\t\t<\/a>\n\t\t<\/div>\n\t\t\t\t<\/div>\n\t\t\t\t<\/div>\n\t\t\t\t\t<\/div>\n\t\t<\/div>\n\t\t\t\t\t<\/div>\n\t\t<\/section>\n\t\t\t\t<section class=\"elementor-section elementor-top-section elementor-element elementor-element-bb99ee8 elementor-section-boxed elementor-section-height-default elementor-section-height-default\" data-id=\"bb99ee8\" data-element_type=\"section\">\n\t\t\t\t\t\t<div class=\"elementor-container elementor-column-gap-default\">\n\t\t\t\t\t<div class=\"elementor-column elementor-col-100 elementor-top-column elementor-element elementor-element-4216832\" data-id=\"4216832\" data-element_type=\"column\" data-settings=\"{&quot;background_background&quot;:&quot;classic&quot;}\">\n\t\t\t<div class=\"elementor-widget-wrap elementor-element-populated\">\n\t\t\t\t\t\t<div class=\"elementor-element elementor-element-ec43ef6 elementor-widget elementor-widget-heading\" data-id=\"ec43ef6\" data-element_type=\"widget\" data-widget_type=\"heading.default\">\n\t\t\t\t<div class=\"elementor-widget-container\">\n\t\t\t<h2 class=\"elementor-heading-title elementor-size-default\">Pontos no tamanho padr\u00e3o 3x9m<\/h2>\t\t<\/div>\n\t\t\t\t<\/div>\n\t\t\t\t\t<\/div>\n\t\t<\/div>\n\t\t\t\t\t<\/div>\n\t\t<\/section>\n\t\t\t\t<section class=\"elementor-section elementor-top-section elementor-element elementor-element-4c2948b elementor-section-boxed elementor-section-height-default elementor-section-height-default\" data-id=\"4c2948b\" data-element_type=\"section\">\n\t\t\t\t\t\t<div class=\"elementor-container elementor-column-gap-default\">\n\t\t\t\t\t<div class=\"elementor-column elementor-col-100 elementor-top-column elementor-element elementor-element-e88fd22\" data-id=\"e88fd22\" data-element_type=\"column\" data-settings=\"{&quot;background_background&quot;:&quot;classic&quot;}\">\n\t\t\t<div class=\"elementor-widget-wrap elementor-element-populated\">\n\t\t\t\t\t\t<div class=\"elementor-element elementor-element-5ab131a elementor-widget elementor-widget-image-gallery\" data-id=\"5ab131a\" data-element_type=\"widget\" data-widget_type=\"image-gallery.default\">\n\t\t\t\t<div class=\"elementor-widget-container\">\n\t\t\t\t\t<div class=\"elementor-image-gallery\">\n\t\t\t<div id='gallery-1' class='gallery galleryid-1033 gallery-columns-4 gallery-size-medium_large'><figure class='gallery-item'>\n\t\t\t<div class='gallery-icon landscape'>\n\t\t\t\t<a data-elementor-open-lightbox=\"yes\" data-elementor-lightbox-slideshow=\"5ab131a\" data-elementor-lightbox-title=\"03.03- Av. Jos\u00e9 Ac\u00e1cio Moreira Pr\u00f3x. ao Posto Universit\u00e1rio Sentido Unisul. (Direita)\" data-e-action-hash=\"#elementor-action%3Aaction%3Dlightbox%26settings%3DeyJpZCI6MTA0MywidXJsIjoiaHR0cHM6XC9cL3Zpc29hcnRlLmNvbS5iclwvd3AtY29udGVudFwvdXBsb2Fkc1wvMjAyNFwvMDlcLzAzLjAzLUF2Li1Kb3NlLUFjYWNpby1Nb3JlaXJhLVByb3guLWFvLVBvc3RvLVVuaXZlcnNpdGFyaW8tU2VudGlkby1VbmlzdWwuLURpcmVpdGEtc2NhbGVkLmpwZyIsInNsaWRlc2hvdyI6IjVhYjEzMWEifQ%3D%3D\" href='https:\/\/visoarte.com.br\/wp-content\/uploads\/2024\/09\/03.03-Av.-Jose-Acacio-Moreira-Prox.-ao-Posto-Universitario-Sentido-Unisul.-Direita-scaled.jpg'><img width=\"525\" height=\"394\" src=\"https:\/\/visoarte.com.br\/wp-content\/uploads\/2024\/09\/03.03-Av.-Jose-Acacio-Moreira-Prox.-ao-Posto-Universitario-Sentido-Unisul.-Direita-768x576.jpg\" class=\"attachment-medium_large size-medium_large\" alt=\"\" decoding=\"async\" srcset=\"https:\/\/visoarte.com.br\/wp-content\/uploads\/2024\/09\/03.03-Av.-Jose-Acacio-Moreira-Prox.-ao-Posto-Universitario-Sentido-Unisul.-Direita-768x576.jpg 768w, https:\/\/visoarte.com.br\/wp-content\/uploads\/2024\/09\/03.03-Av.-Jose-Acacio-Moreira-Prox.-ao-Posto-Universitario-Sentido-Unisul.-Direita-300x225.jpg 300w, https:\/\/visoarte.com.br\/wp-content\/uploads\/2024\/09\/03.03-Av.-Jose-Acacio-Moreira-Prox.-ao-Posto-Universitario-Sentido-Unisul.-Direita-1024x768.jpg 1024w, https:\/\/visoarte.com.br\/wp-content\/uploads\/2024\/09\/03.03-Av.-Jose-Acacio-Moreira-Prox.-ao-Posto-Universitario-Sentido-Unisul.-Direita-1536x1152.jpg 1536w, https:\/\/visoarte.com.br\/wp-content\/uploads\/2024\/09\/03.03-Av.-Jose-Acacio-Moreira-Prox.-ao-Posto-Universitario-Sentido-Unisul.-Direita-2048x1536.jpg 2048w\" sizes=\"100vw\" \/><\/a>\n\t\t\t<\/div><\/figure><figure class='gallery-item'>\n\t\t\t<div class='gallery-icon landscape'>\n\t\t\t\t<a data-elementor-open-lightbox=\"yes\" data-elementor-lightbox-slideshow=\"5ab131a\" data-elementor-lightbox-title=\"21- Av. Expedicionario Jos\u00e9 Pedro Coelho, prox. a Unisul. (Sentido centro)\" data-e-action-hash=\"#elementor-action%3Aaction%3Dlightbox%26settings%3DeyJpZCI6MTA0NSwidXJsIjoiaHR0cHM6XC9cL3Zpc29hcnRlLmNvbS5iclwvd3AtY29udGVudFwvdXBsb2Fkc1wvMjAyNFwvMDlcLzIxLUF2Li1FeHBlZGljaW9uYXJpby1Kb3NlLVBlZHJvLUNvZWxoby1wcm94Li1hLVVuaXN1bC4tU2VudGlkby1jZW50cm8tc2NhbGVkLmpwZyIsInNsaWRlc2hvdyI6IjVhYjEzMWEifQ%3D%3D\" href='https:\/\/visoarte.com.br\/wp-content\/uploads\/2024\/09\/21-Av.-Expedicionario-Jose-Pedro-Coelho-prox.-a-Unisul.-Sentido-centro-scaled.jpg'><img loading=\"lazy\" width=\"525\" height=\"392\" src=\"https:\/\/visoarte.com.br\/wp-content\/uploads\/2024\/09\/21-Av.-Expedicionario-Jose-Pedro-Coelho-prox.-a-Unisul.-Sentido-centro-768x573.jpg\" class=\"attachment-medium_large size-medium_large\" alt=\"\" decoding=\"async\" srcset=\"https:\/\/visoarte.com.br\/wp-content\/uploads\/2024\/09\/21-Av.-Expedicionario-Jose-Pedro-Coelho-prox.-a-Unisul.-Sentido-centro-768x573.jpg 768w, https:\/\/visoarte.com.br\/wp-content\/uploads\/2024\/09\/21-Av.-Expedicionario-Jose-Pedro-Coelho-prox.-a-Unisul.-Sentido-centro-300x224.jpg 300w, https:\/\/visoarte.com.br\/wp-content\/uploads\/2024\/09\/21-Av.-Expedicionario-Jose-Pedro-Coelho-prox.-a-Unisul.-Sentido-centro-1024x764.jpg 1024w, https:\/\/visoarte.com.br\/wp-content\/uploads\/2024\/09\/21-Av.-Expedicionario-Jose-Pedro-Coelho-prox.-a-Unisul.-Sentido-centro-1536x1146.jpg 1536w, https:\/\/visoarte.com.br\/wp-content\/uploads\/2024\/09\/21-Av.-Expedicionario-Jose-Pedro-Coelho-prox.-a-Unisul.-Sentido-centro-2048x1528.jpg 2048w\" sizes=\"100vw\" \/><\/a>\n\t\t\t<\/div><\/figure><figure class='gallery-item'>\n\t\t\t<div class='gallery-icon landscape'>\n\t\t\t\t<a data-elementor-open-lightbox=\"yes\" data-elementor-lightbox-slideshow=\"5ab131a\" data-elementor-lightbox-title=\"12.02- Av. Getulio Vargas em Frente a Terfal Sentido Tubar\u00e3o.\" data-e-action-hash=\"#elementor-action%3Aaction%3Dlightbox%26settings%3DeyJpZCI6MTE0MywidXJsIjoiaHR0cHM6XC9cL3Zpc29hcnRlLmNvbS5iclwvd3AtY29udGVudFwvdXBsb2Fkc1wvMjAyNVwvMDNcLzEyLjAyLUF2Li1HZXR1bGlvLVZhcmdhcy1lbS1GcmVudGUtYS1UZXJmYWwtU2VudGlkby1UdWJhcmFvLi1zY2FsZWQuanBnIiwic2xpZGVzaG93IjoiNWFiMTMxYSJ9\" href='https:\/\/visoarte.com.br\/wp-content\/uploads\/2025\/03\/12.02-Av.-Getulio-Vargas-em-Frente-a-Terfal-Sentido-Tubarao.-scaled.jpg'><img loading=\"lazy\" width=\"525\" height=\"394\" src=\"https:\/\/visoarte.com.br\/wp-content\/uploads\/2025\/03\/12.02-Av.-Getulio-Vargas-em-Frente-a-Terfal-Sentido-Tubarao.-768x576.jpg\" class=\"attachment-medium_large size-medium_large\" alt=\"\" decoding=\"async\" srcset=\"https:\/\/visoarte.com.br\/wp-content\/uploads\/2025\/03\/12.02-Av.-Getulio-Vargas-em-Frente-a-Terfal-Sentido-Tubarao.-768x576.jpg 768w, https:\/\/visoarte.com.br\/wp-content\/uploads\/2025\/03\/12.02-Av.-Getulio-Vargas-em-Frente-a-Terfal-Sentido-Tubarao.-300x225.jpg 300w, https:\/\/visoarte.com.br\/wp-content\/uploads\/2025\/03\/12.02-Av.-Getulio-Vargas-em-Frente-a-Terfal-Sentido-Tubarao.-1024x768.jpg 1024w, https:\/\/visoarte.com.br\/wp-content\/uploads\/2025\/03\/12.02-Av.-Getulio-Vargas-em-Frente-a-Terfal-Sentido-Tubarao.-1536x1152.jpg 1536w, https:\/\/visoarte.com.br\/wp-content\/uploads\/2025\/03\/12.02-Av.-Getulio-Vargas-em-Frente-a-Terfal-Sentido-Tubarao.-2048x1536.jpg 2048w\" sizes=\"100vw\" \/><\/a>\n\t\t\t<\/div><\/figure><figure class='gallery-item'>\n\t\t\t<div class='gallery-icon landscape'>\n\t\t\t\t<a data-elementor-open-lightbox=\"yes\" data-elementor-lightbox-slideshow=\"5ab131a\" data-elementor-lightbox-title=\"Tubar\u00e3o - Av. Patricio Lima, frente a Combento sentido centro\" data-e-action-hash=\"#elementor-action%3Aaction%3Dlightbox%26settings%3DeyJpZCI6MTA1MywidXJsIjoiaHR0cHM6XC9cL3Zpc29hcnRlLmNvbS5iclwvd3AtY29udGVudFwvdXBsb2Fkc1wvMjAyNFwvMDlcL1R1YmFyYW8tQXYuLVBhdHJpY2lvLUxpbWEtZnJlbnRlLWEtQ29tYmVudG8tc2VudGlkby1jZW50cm8tc2NhbGVkLmpwZyIsInNsaWRlc2hvdyI6IjVhYjEzMWEifQ%3D%3D\" href='https:\/\/visoarte.com.br\/wp-content\/uploads\/2024\/09\/Tubarao-Av.-Patricio-Lima-frente-a-Combento-sentido-centro-scaled.jpg'><img loading=\"lazy\" width=\"525\" height=\"394\" src=\"https:\/\/visoarte.com.br\/wp-content\/uploads\/2024\/09\/Tubarao-Av.-Patricio-Lima-frente-a-Combento-sentido-centro-768x576.jpg\" class=\"attachment-medium_large size-medium_large\" alt=\"\" decoding=\"async\" srcset=\"https:\/\/visoarte.com.br\/wp-content\/uploads\/2024\/09\/Tubarao-Av.-Patricio-Lima-frente-a-Combento-sentido-centro-768x576.jpg 768w, https:\/\/visoarte.com.br\/wp-content\/uploads\/2024\/09\/Tubarao-Av.-Patricio-Lima-frente-a-Combento-sentido-centro-300x225.jpg 300w, https:\/\/visoarte.com.br\/wp-content\/uploads\/2024\/09\/Tubarao-Av.-Patricio-Lima-frente-a-Combento-sentido-centro-1024x768.jpg 1024w, https:\/\/visoarte.com.br\/wp-content\/uploads\/2024\/09\/Tubarao-Av.-Patricio-Lima-frente-a-Combento-sentido-centro-1536x1152.jpg 1536w, https:\/\/visoarte.com.br\/wp-content\/uploads\/2024\/09\/Tubarao-Av.-Patricio-Lima-frente-a-Combento-sentido-centro-2048x1536.jpg 2048w\" sizes=\"100vw\" \/><\/a>\n\t\t\t<\/div><\/figure>\n\t\t<\/div>\n\t\t<\/div>\n\t\t\t\t<\/div>\n\t\t\t\t<\/div>\n\t\t\t\t\t<\/div>\n\t\t<\/div>\n\t\t\t\t\t<\/div>\n\t\t<\/section>\n\t\t\t\t<\/div>\n\t\t","protected":false},"excerpt":{"rendered":"<p>Inicio Nos chame pelo WhatsApp Whatsapp Pontos dispon\u00edveis PONTOS EM DESTAQUE Localiza\u00e7\u00e3o do ponto: Clique aqui Localiza\u00e7\u00e3o do ponto: Clique aqui Pontos no tamanho padr\u00e3o 3x9m<\/p>\n","protected":false},"author":1,"featured_media":0,"parent":0,"menu_order":0,"comment_status":"closed","ping_status":"closed","template":"elementor_canvas","meta":[],"_links":{"self":[{"href":"https:\/\/visoarte.com.br\/index.php\/wp-json\/wp\/v2\/pages\/1033"}],"collection":[{"href":"https:\/\/visoarte.com.br\/index.php\/wp-json\/wp\/v2\/pages"}],"about":[{"href":"https:\/\/visoarte.com.br\/index.php\/wp-json\/wp\/v2\/types\/page"}],"author":[{"embeddable":true,"href":"https:\/\/visoarte.com.br\/index.php\/wp-json\/wp\/v2\/users\/1"}],"replies":[{"embeddable":true,"href":"https:\/\/visoarte.com.br\/index.php\/wp-json\/wp\/v2\/comments?post=1033"}],"version-history":[{"count":100,"href":"https:\/\/visoarte.com.br\/index.php\/wp-json\/wp\/v2\/pages\/1033\/revisions"}],"predecessor-version":[{"id":1181,"href":"https:\/\/visoarte.com.br\/index.php\/wp-json\/wp\/v2\/pages\/1033\/revisions\/1181"}],"wp:attachment":[{"href":"https:\/\/visoarte.com.br\/index.php\/wp-json\/wp\/v2\/media?parent=1033"}],"curies":[{"name":"wp","href":"https:\/\/api.w.org\/{rel}","templated":true}]}}