{"id":44,"date":"2019-03-19T16:41:52","date_gmt":"2019-03-19T19:41:52","guid":{"rendered":"https:\/\/visoarte.com.br\/?page_id=44"},"modified":"2020-04-02T14:29:41","modified_gmt":"2020-04-02T17:29:41","slug":"a-empresa","status":"publish","type":"page","link":"https:\/\/visoarte.com.br\/index.php\/a-empresa\/","title":{"rendered":"A Empresa"},"content":{"rendered":"\t\t<div data-elementor-type=\"wp-page\" data-elementor-id=\"44\" class=\"elementor elementor-44\">\n\t\t\t\t\t\t<section class=\"elementor-section elementor-top-section elementor-element elementor-element-c75900d elementor-section-boxed elementor-section-height-default elementor-section-height-default\" data-id=\"c75900d\" data-element_type=\"section\" data-settings=\"{&quot;background_background&quot;:&quot;classic&quot;}\">\n\t\t\t\t\t\t<div class=\"elementor-container elementor-column-gap-default\">\n\t\t\t\t\t<div class=\"elementor-column elementor-col-33 elementor-top-column elementor-element elementor-element-389c7fc\" data-id=\"389c7fc\" data-element_type=\"column\">\n\t\t\t<div class=\"elementor-widget-wrap elementor-element-populated\">\n\t\t\t\t\t\t<div class=\"elementor-element elementor-element-c6b4ba5 elementor-widget elementor-widget-image\" data-id=\"c6b4ba5\" data-element_type=\"widget\" data-widget_type=\"image.default\">\n\t\t\t\t<div class=\"elementor-widget-container\">\n\t\t\t\t\t\t\t\t\t\t\t\t\t\t<a href=\"https:\/\/visoarte.com.br\/\">\n\t\t\t\t\t\t\t<img decoding=\"async\" width=\"300\" height=\"130\" src=\"https:\/\/visoarte.com.br\/wp-content\/uploads\/2019\/04\/Sem-t\u00edtulo-1-1-300x130.jpg\" class=\"attachment-medium size-medium wp-image-236\" alt=\"\" srcset=\"https:\/\/visoarte.com.br\/wp-content\/uploads\/2019\/04\/Sem-t\u00edtulo-1-1-300x130.jpg 300w, https:\/\/visoarte.com.br\/wp-content\/uploads\/2019\/04\/Sem-t\u00edtulo-1-1-768x333.jpg 768w, https:\/\/visoarte.com.br\/wp-content\/uploads\/2019\/04\/Sem-t\u00edtulo-1-1-1024x444.jpg 1024w, https:\/\/visoarte.com.br\/wp-content\/uploads\/2019\/04\/Sem-t\u00edtulo-1-1-277x120.jpg 277w\" sizes=\"100vw\" \/>\t\t\t\t\t\t\t\t<\/a>\n\t\t\t\t\t\t\t\t\t\t\t\t\t<\/div>\n\t\t\t\t<\/div>\n\t\t\t\t\t<\/div>\n\t\t<\/div>\n\t\t\t\t<div class=\"elementor-column elementor-col-33 elementor-top-column elementor-element elementor-element-d1cbdc3\" data-id=\"d1cbdc3\" data-element_type=\"column\">\n\t\t\t<div class=\"elementor-widget-wrap\">\n\t\t\t\t\t\t\t<\/div>\n\t\t<\/div>\n\t\t\t\t<div class=\"elementor-column elementor-col-33 elementor-top-column elementor-element elementor-element-09e11f3\" data-id=\"09e11f3\" data-element_type=\"column\">\n\t\t\t<div class=\"elementor-widget-wrap elementor-element-populated\">\n\t\t\t\t\t\t<div class=\"elementor-element elementor-element-dc60ac1 elementor-align-center elementor-widget elementor-widget-button\" data-id=\"dc60ac1\" data-element_type=\"widget\" data-widget_type=\"button.default\">\n\t\t\t\t<div class=\"elementor-widget-container\">\n\t\t\t\t\t<div class=\"elementor-button-wrapper\">\n\t\t\t<a class=\"elementor-button elementor-button-link elementor-size-sm\" href=\"https:\/\/visoarte.com.br\/\">\n\t\t\t\t\t\t<span class=\"elementor-button-content-wrapper\">\n\t\t\t\t\t\t<span class=\"elementor-button-icon elementor-align-icon-right\">\n\t\t\t\t<i aria-hidden=\"true\" class=\"far fa-arrow-alt-circle-right\"><\/i>\t\t\t<\/span>\n\t\t\t\t\t\t\t\t\t<span class=\"elementor-button-text\">HOME<\/span>\n\t\t\t\t\t<\/span>\n\t\t\t\t\t<\/a>\n\t\t<\/div>\n\t\t\t\t<\/div>\n\t\t\t\t<\/div>\n\t\t\t\t\t<\/div>\n\t\t<\/div>\n\t\t\t\t\t<\/div>\n\t\t<\/section>\n\t\t\t\t<section class=\"elementor-section elementor-top-section elementor-element elementor-element-5b1d4d6f elementor-section-boxed elementor-section-height-default elementor-section-height-default\" data-id=\"5b1d4d6f\" data-element_type=\"section\">\n\t\t\t\t\t\t<div class=\"elementor-container elementor-column-gap-default\">\n\t\t\t\t\t<div class=\"elementor-column elementor-col-100 elementor-top-column elementor-element elementor-element-120d3da0\" data-id=\"120d3da0\" data-element_type=\"column\">\n\t\t\t<div class=\"elementor-widget-wrap elementor-element-populated\">\n\t\t\t\t\t\t<div class=\"elementor-element elementor-element-6b1bd7a5 elementor-widget elementor-widget-text-editor\" data-id=\"6b1bd7a5\" data-element_type=\"widget\" data-widget_type=\"text-editor.default\">\n\t\t\t\t<div class=\"elementor-widget-container\">\n\t\t\t\t\t\t\t<!-- wp:paragraph {\"textColor\":\"very-dark-gray\",\"backgroundColor\":\"very-light-gray\",\"fontSize\":\"medium\"} -->\n<p class=\"has-text-color has-background has-medium-font-size has-very-dark-gray-color has-very-light-gray-background-color\"><br>A Visoarte Publicidade est\u00e1 no mercado desde 1978 inicialmente com o nome de Visual Publicidade, come\u00e7ando trabalhar com letreiros, faixas e placas de pequenos tamanhos. At\u00e9 o ano 1986 depois desta data passou a chamar-se Visoarte Publicidade e para atender a forte demanda do mercado expandindo \u00e1rea de atua\u00e7\u00e3o com Outdoors.<br>Com sede em Tubar\u00e3o atende todo sul, tem como principal atividade a loca\u00e7\u00e3o de pain\u00e9is rodovi\u00e1rios e outdoor, vem trabalhando fortemente na localiza\u00e7\u00e3o dos melhores pontos de exibi\u00e7\u00e3o e zelando sempre pela satisfa\u00e7\u00e3o e seriedade dos nossos servi\u00e7os<\/p>\n<!-- \/wp:paragraph -->\n\n<!-- wp:image {\"id\":275,\"align\":\"center\",\"width\":643,\"height\":467} -->\n<div class=\"wp-block-image\"><figure class=\"aligncenter is-resized\"><img fetchpriority=\"high\" decoding=\"async\" src=\"https:\/\/visoarte.com.br\/wp-content\/uploads\/2019\/04\/4-1024x745.jpeg\" alt=\"\" class=\"wp-image-275\" width=\"643\" height=\"467\" srcset=\"https:\/\/visoarte.com.br\/wp-content\/uploads\/2019\/04\/4-1024x745.jpeg 1024w, https:\/\/visoarte.com.br\/wp-content\/uploads\/2019\/04\/4-300x218.jpeg 300w, https:\/\/visoarte.com.br\/wp-content\/uploads\/2019\/04\/4-768x558.jpeg 768w\" sizes=\"(max-width: 643px) 100vw, 643px\" \/><figcaption>Placas nos anos 90<\/figcaption><\/figure><\/div>\n<!-- \/wp:image -->\t\t\t\t\t\t<\/div>\n\t\t\t\t<\/div>\n\t\t\t\t\t<\/div>\n\t\t<\/div>\n\t\t\t\t\t<\/div>\n\t\t<\/section>\n\t\t\t\t<\/div>\n\t\t","protected":false},"excerpt":{"rendered":"<p>HOME A Visoarte Publicidade est\u00e1 no mercado desde 1978 inicialmente com o nome de Visual Publicidade, come\u00e7ando trabalhar com letreiros, faixas e placas de pequenos tamanhos. At\u00e9 o ano 1986 depois desta data passou a chamar-se Visoarte Publicidade e para atender a forte demanda do mercado expandindo \u00e1rea de atua\u00e7\u00e3o com Outdoors.Com sede em Tubar\u00e3o &hellip; <\/p>\n<p class=\"link-more\"><a href=\"https:\/\/visoarte.com.br\/index.php\/a-empresa\/\" class=\"more-link\">Continuar a ler <span class=\"screen-reader-text\">&#8220;A Empresa&#8221;<\/span><\/a><\/p>\n","protected":false},"author":1,"featured_media":0,"parent":0,"menu_order":0,"comment_status":"closed","ping_status":"closed","template":"elementor_canvas","meta":[],"_links":{"self":[{"href":"https:\/\/visoarte.com.br\/index.php\/wp-json\/wp\/v2\/pages\/44"}],"collection":[{"href":"https:\/\/visoarte.com.br\/index.php\/wp-json\/wp\/v2\/pages"}],"about":[{"href":"https:\/\/visoarte.com.br\/index.php\/wp-json\/wp\/v2\/types\/page"}],"author":[{"embeddable":true,"href":"https:\/\/visoarte.com.br\/index.php\/wp-json\/wp\/v2\/users\/1"}],"replies":[{"embeddable":true,"href":"https:\/\/visoarte.com.br\/index.php\/wp-json\/wp\/v2\/comments?post=44"}],"version-history":[{"count":15,"href":"https:\/\/visoarte.com.br\/index.php\/wp-json\/wp\/v2\/pages\/44\/revisions"}],"predecessor-version":[{"id":495,"href":"https:\/\/visoarte.com.br\/index.php\/wp-json\/wp\/v2\/pages\/44\/revisions\/495"}],"wp:attachment":[{"href":"https:\/\/visoarte.com.br\/index.php\/wp-json\/wp\/v2\/media?parent=44"}],"curies":[{"name":"wp","href":"https:\/\/api.w.org\/{rel}","templated":true}]}}